{"id":48,"date":"2023-07-21T23:34:36","date_gmt":"2023-07-21T23:34:36","guid":{"rendered":"https:\/\/embeddedwissen.live-website.com\/?page_id=48"},"modified":"2024-11-07T23:23:02","modified_gmt":"2024-11-07T23:23:02","slug":"about","status":"publish","type":"page","link":"https:\/\/embedded-wissen.de\/de\/about","title":{"rendered":"\u00dcber"},"content":{"rendered":"<p><strong>\u00dcber Embedded Wissen:<\/strong><\/p>\n\n\n\n<div class=\"wp-block-group is-nowrap is-layout-flex wp-container-core-group-is-layout-6c531013 wp-block-group-is-layout-flex\">\n<p>Embedded Wissen wurde 2023 von Matthias Wissen gegr\u00fcndet, einem erfahrenen Entwickler f\u00fcr Embedded Systems mit einer Leidenschaft f\u00fcr die Umsetzung von Ideen in greifbare Hardware- und Softwarel\u00f6sungen. Als Ein-Personen-Unternehmen widmet sich Embedded Wissen der Bereitstellung au\u00dfergew\u00f6hnlicher Embedded Hard- und Software-Dienstleistungen f\u00fcr Kunden, die innovative und zuverl\u00e4ssige L\u00f6sungen suchen.<\/p>\n<\/div>\n\n\n\n<p><strong>\u00dcber Matthias Wissen, Gr\u00fcnder und einziger Mitarbeiter:<\/strong><\/p>\n\n\n\n<div class=\"wp-block-media-text has-media-on-the-right is-stacked-on-mobile\"><div class=\"wp-block-media-text__content\">\n<p>Mein Name ist Matthias Wissen, ich bin die treibende Kraft hinter Embedded Wissen. Ich entdeckte meine Leidenschaft f\u00fcr Embedded Hard- und Software Engineering w\u00e4hrend eines Praktikums im Jahr 2007. W\u00e4hrend dieser pr\u00e4genden Erfahrung l\u00f6tete ich meine erste Leiterplatte und weckte damit mein tiefes Interesse an der Elektrotechnik. Aus dieser Begeisterung heraus erwarb ich meinen ersten L\u00f6tkolben und machte mich auf den Weg, ein erfahrener Elektroniker zu werden.<\/p>\n<\/div><figure class=\"wp-block-media-text__media\"><img loading=\"lazy\" decoding=\"async\" width=\"683\" height=\"1024\" src=\"https:\/\/embedded-wissen.de\/wp-content\/uploads\/2024\/11\/JRM_2921-min-1-683x1024.jpg\" alt=\"\" class=\"wp-image-198 size-full\" srcset=\"https:\/\/embedded-wissen.de\/wp-content\/uploads\/2024\/11\/JRM_2921-min-1-683x1024.jpg 683w, https:\/\/embedded-wissen.de\/wp-content\/uploads\/2024\/11\/JRM_2921-min-1-333x500.jpg 333w, https:\/\/embedded-wissen.de\/wp-content\/uploads\/2024\/11\/JRM_2921-min-1-768x1152.jpg 768w, https:\/\/embedded-wissen.de\/wp-content\/uploads\/2024\/11\/JRM_2921-min-1-1024x1536.jpg 1024w, https:\/\/embedded-wissen.de\/wp-content\/uploads\/2024\/11\/JRM_2921-min-1-1365x2048.jpg 1365w, https:\/\/embedded-wissen.de\/wp-content\/uploads\/2024\/11\/JRM_2921-min-1-8x12.jpg 8w, https:\/\/embedded-wissen.de\/wp-content\/uploads\/2024\/11\/JRM_2921-min-1-scaled.jpg 1707w\" sizes=\"auto, (max-width: 683px) 100vw, 683px\" \/><\/figure><\/div>\n\n\n\n<p>Um mein Wissen und meine Kenntnisse zu vertiefen, absolvierte ich eine Ausbildung zum Elektroniker, in der er ich meine F\u00e4higkeiten verfeinerte und praktische Erfahrung im Umgang mit elektronischen Bauteilen und Systemen erwarb. Darauf aufbauend bildete ich mich durch ein Studium der Elektrotechnik und Systemtechnik in Koblenz weiter und vertiefte mein Verst\u00e4ndnis f\u00fcr komplexe Embedded Systems.<\/p>\n\n\n\n<p>Mein Engagement f\u00fcr hervorragende Leistungen und mein Einsatz f\u00fcr die Lieferung von L\u00f6sungen h\u00f6chster Qualit\u00e4t definieren den Ansatz von Embedded Wissen. Mit mehr als f\u00fcnf Jahren Berufserfahrung als Entwickler von Embedded Systems besitze ich ein tiefes Verst\u00e4ndnis f\u00fcr die Feinheiten der Hardware- und Software-Integration, der Firmware-Entwicklung und das Design von Embedded Systems.<\/p>\n\n\n\n<p>Neben meinen beruflichen Aktivit\u00e4ten hege ich eine Leidenschaft f\u00fcr Entdeckungen und Abenteuer. Wenn ich nicht gerade in die Welt des Embedded Engineering eintauche, kann man mich bei meinen Hobbys Radfahren und Gleitschirmfliegen antreffen, wobei ich mich von der Sch\u00f6nheit der Natur inspirieren lasse.<\/p>\n\n\n\n<p>Sprachen sind kein Hindernis f\u00fcr die Dienstleistungen von Embedded Wissen, da ich flie\u00dfend Englisch, Deutsch und Italienisch spreche, was eine effektive Kommunikation und Verst\u00e4ndigung in jeder Phase des Projekts gew\u00e4hrleistet.<\/p>","protected":false},"excerpt":{"rendered":"<p>About Embedded Wissen: Embedded Wissen was founded in 2023 by Matthias Wissen, an experienced Embedded Systems Developer with a passion for turning ideas into tangible hardware and software solutions. As a one-person company, Embedded Wissen is dedicated to providing exceptional embedded hard- and software engineering services to clients seeking innovative and reliable solutions. About Matthias [&hellip;]<\/p>\n","protected":false},"author":1,"featured_media":0,"parent":0,"menu_order":0,"comment_status":"closed","ping_status":"closed","template":"","meta":{"ngg_post_thumbnail":0,"footnotes":""},"class_list":["post-48","page","type-page","status-publish","hentry"],"yoast_head":"<!-- This site is optimized with the Yoast SEO plugin v27.3 - https:\/\/yoast.com\/product\/yoast-seo-wordpress\/ -->\n<title>About - Embedded Wissen<\/title>\n<meta name=\"robots\" content=\"index, follow, max-snippet:-1, max-image-preview:large, max-video-preview:-1\" \/>\n<link rel=\"canonical\" href=\"https:\/\/embedded-wissen.de\/de\/about\/\" \/>\n<meta property=\"og:locale\" content=\"de_DE\" \/>\n<meta property=\"og:type\" content=\"article\" \/>\n<meta property=\"og:title\" content=\"About - Embedded Wissen\" \/>\n<meta property=\"og:description\" content=\"About Embedded Wissen: Embedded Wissen was founded in 2023 by Matthias Wissen, an experienced Embedded Systems Developer with a passion for turning ideas into tangible hardware and software solutions. As a one-person company, Embedded Wissen is dedicated to providing exceptional embedded hard- and software engineering services to clients seeking innovative and reliable solutions. About Matthias [&hellip;]\" \/>\n<meta property=\"og:url\" content=\"https:\/\/embedded-wissen.de\/de\/about\/\" \/>\n<meta property=\"og:site_name\" content=\"Embedded Wissen\" \/>\n<meta property=\"article:modified_time\" content=\"2024-11-07T23:23:02+00:00\" \/>\n<meta property=\"og:image\" content=\"https:\/\/embedded-wissen.de\/wp-content\/uploads\/2024\/11\/JRM_2921-min-1-scaled.jpg\" \/>\n\t<meta property=\"og:image:width\" content=\"1707\" \/>\n\t<meta property=\"og:image:height\" content=\"2560\" \/>\n\t<meta property=\"og:image:type\" content=\"image\/jpeg\" \/>\n<meta name=\"twitter:card\" content=\"summary_large_image\" \/>\n<meta name=\"twitter:label1\" content=\"Gesch\u00e4tzte Lesezeit\" \/>\n\t<meta name=\"twitter:data1\" content=\"2\u00a0Minuten\" \/>\n<script type=\"application\/ld+json\" class=\"yoast-schema-graph\">{\"@context\":\"https:\\\/\\\/schema.org\",\"@graph\":[{\"@type\":\"WebPage\",\"@id\":\"https:\\\/\\\/embedded-wissen.de\\\/about\",\"url\":\"https:\\\/\\\/embedded-wissen.de\\\/about\",\"name\":\"About - Embedded Wissen\",\"isPartOf\":{\"@id\":\"https:\\\/\\\/embedded-wissen.de\\\/#website\"},\"primaryImageOfPage\":{\"@id\":\"https:\\\/\\\/embedded-wissen.de\\\/about#primaryimage\"},\"image\":{\"@id\":\"https:\\\/\\\/embedded-wissen.de\\\/about#primaryimage\"},\"thumbnailUrl\":\"https:\\\/\\\/embedded-wissen.de\\\/wp-content\\\/uploads\\\/2024\\\/11\\\/JRM_2921-min-1-683x1024.jpg\",\"datePublished\":\"2023-07-21T23:34:36+00:00\",\"dateModified\":\"2024-11-07T23:23:02+00:00\",\"breadcrumb\":{\"@id\":\"https:\\\/\\\/embedded-wissen.de\\\/about#breadcrumb\"},\"inLanguage\":\"de\",\"potentialAction\":[{\"@type\":\"ReadAction\",\"target\":[\"https:\\\/\\\/embedded-wissen.de\\\/about\"]}]},{\"@type\":\"ImageObject\",\"inLanguage\":\"de\",\"@id\":\"https:\\\/\\\/embedded-wissen.de\\\/about#primaryimage\",\"url\":\"https:\\\/\\\/embedded-wissen.de\\\/wp-content\\\/uploads\\\/2024\\\/11\\\/JRM_2921-min-1-683x1024.jpg\",\"contentUrl\":\"https:\\\/\\\/embedded-wissen.de\\\/wp-content\\\/uploads\\\/2024\\\/11\\\/JRM_2921-min-1-683x1024.jpg\"},{\"@type\":\"BreadcrumbList\",\"@id\":\"https:\\\/\\\/embedded-wissen.de\\\/about#breadcrumb\",\"itemListElement\":[{\"@type\":\"ListItem\",\"position\":1,\"name\":\"Home\",\"item\":\"https:\\\/\\\/embeddedwissen.live-website.com\\\/\"},{\"@type\":\"ListItem\",\"position\":2,\"name\":\"About\"}]},{\"@type\":\"WebSite\",\"@id\":\"https:\\\/\\\/embedded-wissen.de\\\/#website\",\"url\":\"https:\\\/\\\/embedded-wissen.de\\\/\",\"name\":\"Embedded Wissen\",\"description\":\"Alles rund um die Entwicklung Ihres Prototypen\",\"alternateName\":\"Ihr Embedded Systems Experte in Haar bei M\u00fcnchen\",\"potentialAction\":[{\"@type\":\"SearchAction\",\"target\":{\"@type\":\"EntryPoint\",\"urlTemplate\":\"https:\\\/\\\/embedded-wissen.de\\\/?s={search_term_string}\"},\"query-input\":{\"@type\":\"PropertyValueSpecification\",\"valueRequired\":true,\"valueName\":\"search_term_string\"}}],\"inLanguage\":\"de\"}]}<\/script>\n<!-- \/ Yoast SEO plugin. -->","yoast_head_json":{"title":"About - Embedded Wissen","robots":{"index":"index","follow":"follow","max-snippet":"max-snippet:-1","max-image-preview":"max-image-preview:large","max-video-preview":"max-video-preview:-1"},"canonical":"https:\/\/embedded-wissen.de\/de\/about\/","og_locale":"de_DE","og_type":"article","og_title":"About - Embedded Wissen","og_description":"About Embedded Wissen: Embedded Wissen was founded in 2023 by Matthias Wissen, an experienced Embedded Systems Developer with a passion for turning ideas into tangible hardware and software solutions. As a one-person company, Embedded Wissen is dedicated to providing exceptional embedded hard- and software engineering services to clients seeking innovative and reliable solutions. About Matthias [&hellip;]","og_url":"https:\/\/embedded-wissen.de\/de\/about\/","og_site_name":"Embedded Wissen","article_modified_time":"2024-11-07T23:23:02+00:00","og_image":[{"width":1707,"height":2560,"url":"https:\/\/embedded-wissen.de\/wp-content\/uploads\/2024\/11\/JRM_2921-min-1-scaled.jpg","type":"image\/jpeg"}],"twitter_card":"summary_large_image","twitter_misc":{"Gesch\u00e4tzte Lesezeit":"2\u00a0Minuten"},"schema":{"@context":"https:\/\/schema.org","@graph":[{"@type":"WebPage","@id":"https:\/\/embedded-wissen.de\/about","url":"https:\/\/embedded-wissen.de\/about","name":"About - Embedded Wissen","isPartOf":{"@id":"https:\/\/embedded-wissen.de\/#website"},"primaryImageOfPage":{"@id":"https:\/\/embedded-wissen.de\/about#primaryimage"},"image":{"@id":"https:\/\/embedded-wissen.de\/about#primaryimage"},"thumbnailUrl":"https:\/\/embedded-wissen.de\/wp-content\/uploads\/2024\/11\/JRM_2921-min-1-683x1024.jpg","datePublished":"2023-07-21T23:34:36+00:00","dateModified":"2024-11-07T23:23:02+00:00","breadcrumb":{"@id":"https:\/\/embedded-wissen.de\/about#breadcrumb"},"inLanguage":"de","potentialAction":[{"@type":"ReadAction","target":["https:\/\/embedded-wissen.de\/about"]}]},{"@type":"ImageObject","inLanguage":"de","@id":"https:\/\/embedded-wissen.de\/about#primaryimage","url":"https:\/\/embedded-wissen.de\/wp-content\/uploads\/2024\/11\/JRM_2921-min-1-683x1024.jpg","contentUrl":"https:\/\/embedded-wissen.de\/wp-content\/uploads\/2024\/11\/JRM_2921-min-1-683x1024.jpg"},{"@type":"BreadcrumbList","@id":"https:\/\/embedded-wissen.de\/about#breadcrumb","itemListElement":[{"@type":"ListItem","position":1,"name":"Home","item":"https:\/\/embeddedwissen.live-website.com\/"},{"@type":"ListItem","position":2,"name":"About"}]},{"@type":"WebSite","@id":"https:\/\/embedded-wissen.de\/#website","url":"https:\/\/embedded-wissen.de\/","name":"Embedded Wissen","description":"Alles rund um die Entwicklung Ihres Prototypen","alternateName":"Ihr Embedded Systems Experte in Haar bei M\u00fcnchen","potentialAction":[{"@type":"SearchAction","target":{"@type":"EntryPoint","urlTemplate":"https:\/\/embedded-wissen.de\/?s={search_term_string}"},"query-input":{"@type":"PropertyValueSpecification","valueRequired":true,"valueName":"search_term_string"}}],"inLanguage":"de"}]}},"_links":{"self":[{"href":"https:\/\/embedded-wissen.de\/de\/wp-json\/wp\/v2\/pages\/48","targetHints":{"allow":["GET"]}}],"collection":[{"href":"https:\/\/embedded-wissen.de\/de\/wp-json\/wp\/v2\/pages"}],"about":[{"href":"https:\/\/embedded-wissen.de\/de\/wp-json\/wp\/v2\/types\/page"}],"author":[{"embeddable":true,"href":"https:\/\/embedded-wissen.de\/de\/wp-json\/wp\/v2\/users\/1"}],"replies":[{"embeddable":true,"href":"https:\/\/embedded-wissen.de\/de\/wp-json\/wp\/v2\/comments?post=48"}],"version-history":[{"count":7,"href":"https:\/\/embedded-wissen.de\/de\/wp-json\/wp\/v2\/pages\/48\/revisions"}],"predecessor-version":[{"id":202,"href":"https:\/\/embedded-wissen.de\/de\/wp-json\/wp\/v2\/pages\/48\/revisions\/202"}],"wp:attachment":[{"href":"https:\/\/embedded-wissen.de\/de\/wp-json\/wp\/v2\/media?parent=48"}],"curies":[{"name":"wp","href":"https:\/\/api.w.org\/{rel}","templated":true}]}}