{"id":51,"date":"2023-07-21T23:38:22","date_gmt":"2023-07-21T23:38:22","guid":{"rendered":"https:\/\/embeddedwissen.live-website.com\/?page_id=51"},"modified":"2023-07-25T21:23:37","modified_gmt":"2023-07-25T21:23:37","slug":"contact","status":"publish","type":"page","link":"https:\/\/embedded-wissen.de\/de\/contact","title":{"rendered":"Kontakt"},"content":{"rendered":"\n<p>Contact me personally for all your embedded hard- and software engineering needs. Feel free to reach out using the contact form below, and I&#8217;ll be delighted to assist you with your project. Looking forward to hearing from you!<\/p>\n\n\n<div class=\"wpforms-container wpforms-container-full wpforms-block wpforms-block-6b70c515-4682-4f77-8d3a-0a07e0baea7f wpforms-render-modern\" id=\"wpforms-53\"><form id=\"wpforms-form-53\" class=\"wpforms-validate wpforms-form wpforms-ajax-form\" data-formid=\"53\" method=\"post\" enctype=\"multipart\/form-data\" action=\"\/de\/wp-json\/wp\/v2\/pages\/51\" data-token=\"26ca9955b2301bff7f0851cb291e250b\" data-token-time=\"1775895033\"><noscript class=\"wpforms-error-noscript\">Bitte aktiviere JavaScript in deinem Browser, um dieses Formular fertigzustellen.<\/noscript><div id=\"wpforms-error-noscript\" style=\"display: none;\">Bitte aktiviere JavaScript in deinem Browser, um dieses Formular fertigzustellen.<\/div><div class=\"wpforms-field-container\"><div id=\"wpforms-53-field_0-container\" class=\"wpforms-field wpforms-field-name\" data-field-id=\"0\"><label class=\"wpforms-field-label\" for=\"wpforms-53-field_0\">Name <span class=\"wpforms-required-label\" aria-hidden=\"true\">*<\/span><\/label><input type=\"text\" id=\"wpforms-53-field_0\" class=\"wpforms-field-medium wpforms-field-required\" name=\"wpforms[fields][0]\" aria-errormessage=\"wpforms-53-field_0-error\" required><\/div><div id=\"wpforms-53-field_1-container\" class=\"wpforms-field wpforms-field-email\" data-field-id=\"1\"><label class=\"wpforms-field-label\" for=\"wpforms-53-field_1\">E-Mail <span class=\"wpforms-required-label\" aria-hidden=\"true\">*<\/span><\/label><input type=\"email\" id=\"wpforms-53-field_1\" class=\"wpforms-field-medium wpforms-field-required\" name=\"wpforms[fields][1]\" spellcheck=\"false\" aria-errormessage=\"wpforms-53-field_1-error\" required><\/div><div id=\"wpforms-53-field_2-container\" class=\"wpforms-field wpforms-field-textarea\" data-field-id=\"2\"><label class=\"wpforms-field-label\" for=\"wpforms-53-field_2\">Message<\/label><textarea id=\"wpforms-53-field_2\" class=\"wpforms-field-medium\" name=\"wpforms[fields][2]\" aria-errormessage=\"wpforms-53-field_2-error\" ><\/textarea><\/div><\/div><!-- .wpforms-field-container --><div class=\"wpforms-recaptcha-container wpforms-is-recaptcha wpforms-is-recaptcha-type-v2\" ><div class=\"g-recaptcha\" data-sitekey=\"6LewTXgqAAAAAA2AjjVa6e1rKSZIPA492ZkX-fb0\"><\/div><input type=\"text\" name=\"g-recaptcha-hidden\" class=\"wpforms-recaptcha-hidden\" style=\"position:absolute!important;clip:rect(0,0,0,0)!important;height:1px!important;width:1px!important;border:0!important;overflow:hidden!important;padding:0!important;margin:0!important;\" data-rule-recaptcha=\"1\"><\/div><div class=\"wpforms-submit-container\" ><input type=\"hidden\" name=\"wpforms[id]\" value=\"53\"><input type=\"hidden\" name=\"page_title\" value=\"\"><input type=\"hidden\" name=\"page_url\" value=\"https:\/\/embedded-wissen.de\/de\/wp-json\/wp\/v2\/pages\/51\"><input type=\"hidden\" name=\"url_referer\" value=\"\"><button type=\"submit\" name=\"wpforms[submit]\" id=\"wpforms-submit-53\" class=\"wpforms-submit\" data-alt-text=\"Sending\u2026\" data-submit-text=\"Send\" aria-live=\"assertive\" value=\"wpforms-submit\">Send<\/button><img loading=\"lazy\" decoding=\"async\" src=\"https:\/\/embedded-wissen.de\/wp-content\/plugins\/wpforms-lite\/assets\/images\/submit-spin.svg\" class=\"wpforms-submit-spinner\" style=\"display: none;\" width=\"26\" height=\"26\" alt=\"Wird geladen\"><\/div><\/form><\/div>  <!-- .wpforms-container -->\n\n\n<div class=\"wp-block-columns is-layout-flex wp-container-core-columns-is-layout-28f84493 wp-block-columns-is-layout-flex\"><\/div>\n","protected":false},"excerpt":{"rendered":"<p>Kontaktiere mich gerne pers\u00f6nlich f\u00fcr alle Belange im Bereich Embedded Hard- und Software Engineering. Nutze daf\u00fcr einfach das untenstehende Kontaktformular und ich helfe Dir gerne bei Deinem Projekt. Ich freue mich darauf, von Dir zu h\u00f6ren!<\/p>","protected":false},"author":1,"featured_media":0,"parent":0,"menu_order":0,"comment_status":"closed","ping_status":"closed","template":"","meta":{"ngg_post_thumbnail":0,"footnotes":""},"class_list":["post-51","page","type-page","status-publish","hentry"],"yoast_head":"<!-- This site is optimized with the Yoast SEO plugin v27.3 - https:\/\/yoast.com\/product\/yoast-seo-wordpress\/ -->\n<title>Contact - Embedded Wissen<\/title>\n<meta name=\"robots\" content=\"index, follow, max-snippet:-1, max-image-preview:large, max-video-preview:-1\" \/>\n<link rel=\"canonical\" href=\"https:\/\/embedded-wissen.de\/de\/contact\/\" \/>\n<meta property=\"og:locale\" content=\"de_DE\" \/>\n<meta property=\"og:type\" content=\"article\" \/>\n<meta property=\"og:title\" content=\"Contact - Embedded Wissen\" \/>\n<meta property=\"og:description\" content=\"Contact me personally for all your embedded hard- and software engineering needs. Feel free to reach out using the contact form below, and I&#8217;ll be delighted to assist you with your project. Looking forward to hearing from you!\" \/>\n<meta property=\"og:url\" content=\"https:\/\/embedded-wissen.de\/de\/contact\/\" \/>\n<meta property=\"og:site_name\" content=\"Embedded Wissen\" \/>\n<meta property=\"article:modified_time\" content=\"2023-07-25T21:23:37+00:00\" \/>\n<meta property=\"og:image\" content=\"https:\/\/embedded-wissen.de\/wp-content\/uploads\/2023\/07\/JRM_2864_min-2-scaled.jpg\" \/>\n\t<meta property=\"og:image:width\" content=\"2560\" \/>\n\t<meta property=\"og:image:height\" content=\"1706\" \/>\n\t<meta property=\"og:image:type\" content=\"image\/jpeg\" \/>\n<meta name=\"twitter:card\" content=\"summary_large_image\" \/>\n<meta name=\"twitter:label1\" content=\"Gesch\u00e4tzte Lesezeit\" \/>\n\t<meta name=\"twitter:data1\" content=\"1\u00a0Minute\" \/>\n<script type=\"application\/ld+json\" class=\"yoast-schema-graph\">{\"@context\":\"https:\\\/\\\/schema.org\",\"@graph\":[{\"@type\":\"WebPage\",\"@id\":\"https:\\\/\\\/embedded-wissen.de\\\/contact\",\"url\":\"https:\\\/\\\/embedded-wissen.de\\\/contact\",\"name\":\"Contact - Embedded Wissen\",\"isPartOf\":{\"@id\":\"https:\\\/\\\/embedded-wissen.de\\\/#website\"},\"datePublished\":\"2023-07-21T23:38:22+00:00\",\"dateModified\":\"2023-07-25T21:23:37+00:00\",\"breadcrumb\":{\"@id\":\"https:\\\/\\\/embedded-wissen.de\\\/contact#breadcrumb\"},\"inLanguage\":\"de\",\"potentialAction\":[{\"@type\":\"ReadAction\",\"target\":[\"https:\\\/\\\/embedded-wissen.de\\\/contact\"]}]},{\"@type\":\"BreadcrumbList\",\"@id\":\"https:\\\/\\\/embedded-wissen.de\\\/contact#breadcrumb\",\"itemListElement\":[{\"@type\":\"ListItem\",\"position\":1,\"name\":\"Home\",\"item\":\"https:\\\/\\\/embeddedwissen.live-website.com\\\/\"},{\"@type\":\"ListItem\",\"position\":2,\"name\":\"Contact\"}]},{\"@type\":\"WebSite\",\"@id\":\"https:\\\/\\\/embedded-wissen.de\\\/#website\",\"url\":\"https:\\\/\\\/embedded-wissen.de\\\/\",\"name\":\"Embedded Wissen\",\"description\":\"Alles rund um die Entwicklung Ihres Prototypen\",\"alternateName\":\"Ihr Embedded Systems Experte in Haar bei M\u00fcnchen\",\"potentialAction\":[{\"@type\":\"SearchAction\",\"target\":{\"@type\":\"EntryPoint\",\"urlTemplate\":\"https:\\\/\\\/embedded-wissen.de\\\/?s={search_term_string}\"},\"query-input\":{\"@type\":\"PropertyValueSpecification\",\"valueRequired\":true,\"valueName\":\"search_term_string\"}}],\"inLanguage\":\"de\"}]}<\/script>\n<!-- \/ Yoast SEO plugin. -->","yoast_head_json":{"title":"Contact - Embedded Wissen","robots":{"index":"index","follow":"follow","max-snippet":"max-snippet:-1","max-image-preview":"max-image-preview:large","max-video-preview":"max-video-preview:-1"},"canonical":"https:\/\/embedded-wissen.de\/de\/contact\/","og_locale":"de_DE","og_type":"article","og_title":"Contact - Embedded Wissen","og_description":"Contact me personally for all your embedded hard- and software engineering needs. Feel free to reach out using the contact form below, and I&#8217;ll be delighted to assist you with your project. Looking forward to hearing from you!","og_url":"https:\/\/embedded-wissen.de\/de\/contact\/","og_site_name":"Embedded Wissen","article_modified_time":"2023-07-25T21:23:37+00:00","og_image":[{"width":2560,"height":1706,"url":"https:\/\/embedded-wissen.de\/wp-content\/uploads\/2023\/07\/JRM_2864_min-2-scaled.jpg","type":"image\/jpeg"}],"twitter_card":"summary_large_image","twitter_misc":{"Gesch\u00e4tzte Lesezeit":"1\u00a0Minute"},"schema":{"@context":"https:\/\/schema.org","@graph":[{"@type":"WebPage","@id":"https:\/\/embedded-wissen.de\/contact","url":"https:\/\/embedded-wissen.de\/contact","name":"Contact - Embedded Wissen","isPartOf":{"@id":"https:\/\/embedded-wissen.de\/#website"},"datePublished":"2023-07-21T23:38:22+00:00","dateModified":"2023-07-25T21:23:37+00:00","breadcrumb":{"@id":"https:\/\/embedded-wissen.de\/contact#breadcrumb"},"inLanguage":"de","potentialAction":[{"@type":"ReadAction","target":["https:\/\/embedded-wissen.de\/contact"]}]},{"@type":"BreadcrumbList","@id":"https:\/\/embedded-wissen.de\/contact#breadcrumb","itemListElement":[{"@type":"ListItem","position":1,"name":"Home","item":"https:\/\/embeddedwissen.live-website.com\/"},{"@type":"ListItem","position":2,"name":"Contact"}]},{"@type":"WebSite","@id":"https:\/\/embedded-wissen.de\/#website","url":"https:\/\/embedded-wissen.de\/","name":"Embedded Wissen","description":"Alles rund um die Entwicklung Ihres Prototypen","alternateName":"Ihr Embedded Systems Experte in Haar bei M\u00fcnchen","potentialAction":[{"@type":"SearchAction","target":{"@type":"EntryPoint","urlTemplate":"https:\/\/embedded-wissen.de\/?s={search_term_string}"},"query-input":{"@type":"PropertyValueSpecification","valueRequired":true,"valueName":"search_term_string"}}],"inLanguage":"de"}]}},"_links":{"self":[{"href":"https:\/\/embedded-wissen.de\/de\/wp-json\/wp\/v2\/pages\/51","targetHints":{"allow":["GET"]}}],"collection":[{"href":"https:\/\/embedded-wissen.de\/de\/wp-json\/wp\/v2\/pages"}],"about":[{"href":"https:\/\/embedded-wissen.de\/de\/wp-json\/wp\/v2\/types\/page"}],"author":[{"embeddable":true,"href":"https:\/\/embedded-wissen.de\/de\/wp-json\/wp\/v2\/users\/1"}],"replies":[{"embeddable":true,"href":"https:\/\/embedded-wissen.de\/de\/wp-json\/wp\/v2\/comments?post=51"}],"version-history":[{"count":5,"href":"https:\/\/embedded-wissen.de\/de\/wp-json\/wp\/v2\/pages\/51\/revisions"}],"predecessor-version":[{"id":176,"href":"https:\/\/embedded-wissen.de\/de\/wp-json\/wp\/v2\/pages\/51\/revisions\/176"}],"wp:attachment":[{"href":"https:\/\/embedded-wissen.de\/de\/wp-json\/wp\/v2\/media?parent=51"}],"curies":[{"name":"wp","href":"https:\/\/api.w.org\/{rel}","templated":true}]}}